{"id":84,"date":"2024-02-16T16:35:48","date_gmt":"2024-02-16T16:35:48","guid":{"rendered":"https:\/\/clubexcellium.com\/shop\/cart\/"},"modified":"2024-06-27T20:56:42","modified_gmt":"2024-06-27T20:56:42","slug":"cart-2","status":"publish","type":"page","link":"https:\/\/clubexcellium.com\/shop\/en\/cart-2\/","title":{"rendered":"Cart"},"content":{"rendered":"<p>[et_pb_section fb_built=&#8221;1&#8243; admin_label=&#8221;Header&#8221; _builder_version=&#8221;4.23.4&#8243; background_color=&#8221;#595959&#8243; background_image=&#8221;https:\/\/clubexcellium.com\/shop\/wp-content\/uploads\/2024\/02\/AdobeStock_283453365-scaled-1.jpeg&#8221; background_blend=&#8221;overlay&#8221; custom_margin=&#8221;||3px||false|false&#8221; custom_padding=&#8221;98px||17px||false|false&#8221; locked=&#8221;off&#8221; global_colors_info=&#8221;{}&#8221;][et_pb_row _builder_version=&#8221;4.16&#8243; custom_padding=&#8221;111px||73px|||&#8221; global_colors_info=&#8221;{}&#8221;][et_pb_column type=&#8221;4_4&#8243; _builder_version=&#8221;4.16&#8243; global_colors_info=&#8221;{}&#8221;][et_pb_text _builder_version=&#8221;4.23.4&#8243; text_font=&#8221;||||||||&#8221; text_text_color=&#8221;#FFFFFF&#8221; text_font_size=&#8221;22px&#8221; text_line_height=&#8221;1.4em&#8221; header_font=&#8221;ZCOOL XiaoWei|700|||||||&#8221; header_text_color=&#8221;#FFFFFF&#8221; header_font_size=&#8221;80px&#8221; text_orientation=&#8221;center&#8221; background_layout=&#8221;dark&#8221; max_width=&#8221;700px&#8221; module_alignment=&#8221;center&#8221; text_font_size_tablet=&#8221;18px&#8221; text_font_size_phone=&#8221;16px&#8221; text_font_size_last_edited=&#8221;on|tablet&#8221; text_line_height_tablet=&#8221;&#8221; text_line_height_phone=&#8221;1.8em&#8221; text_line_height_last_edited=&#8221;on|phone&#8221; header_font_size_tablet=&#8221;48px&#8221; header_font_size_phone=&#8221;30px&#8221; header_font_size_last_edited=&#8221;on|phone&#8221; global_colors_info=&#8221;{}&#8221;]<\/p>\n<h1>Cart<\/h1>\n<p>[\/et_pb_text][\/et_pb_column][\/et_pb_row][\/et_pb_section][et_pb_section fb_built=&#8221;1&#8243; _builder_version=&#8221;4.16&#8243; global_colors_info=&#8221;{}&#8221;][et_pb_row _builder_version=&#8221;4.16&#8243; background_size=&#8221;initial&#8221; background_position=&#8221;top_left&#8221; background_repeat=&#8221;repeat&#8221; global_colors_info=&#8221;{}&#8221;][et_pb_column type=&#8221;4_4&#8243; _builder_version=&#8221;4.16&#8243; custom_padding=&#8221;|||&#8221; global_colors_info=&#8221;{}&#8221; custom_padding__hover=&#8221;|||&#8221;][et_pb_post_title meta=&#8221;off&#8221; featured_image=&#8221;off&#8221; _builder_version=&#8221;4.16&#8243; global_colors_info=&#8221;{}&#8221;][\/et_pb_post_title][et_pb_wc_cart_notice _builder_version=&#8221;4.16&#8243; global_colors_info=&#8221;{}&#8221;][\/et_pb_wc_cart_notice][et_pb_wc_cart_products _builder_version=&#8221;4.16&#8243; global_colors_info=&#8221;{}&#8221;][\/et_pb_wc_cart_products][et_pb_code _builder_version=&#8221;4.23.4&#8243; _module_preset=&#8221;default&#8221; global_colors_info=&#8221;{}&#8221;]<\/p>\n<style><!-- [et_pb_line_break_holder] -->.page-id-84 #main-content div.et_pb_section.et_pb_section_0 {<!-- [et_pb_line_break_holder] -->    background-image: url(https:\/\/clubexcellium.com\/wp-content\/uploads\/2024\/02\/AdobeStock_283453365-2-scaled.jpeg)!important;<!-- [et_pb_line_break_holder] -->}<!-- [et_pb_line_break_holder] --><\/style>\n<p>[\/et_pb_code][\/et_pb_column][\/et_pb_row][et_pb_row column_structure=&#8221;1_2,1_2&#8243; _builder_version=&#8221;4.16&#8243; background_size=&#8221;initial&#8221; background_position=&#8221;top_left&#8221; background_repeat=&#8221;repeat&#8221; global_colors_info=&#8221;{}&#8221;][et_pb_column type=&#8221;1_2&#8243; _builder_version=&#8221;4.16&#8243; custom_padding=&#8221;|||&#8221; global_colors_info=&#8221;{}&#8221; custom_padding__hover=&#8221;|||&#8221;][et_pb_code _builder_version=&#8221;4.23.4&#8243; _module_preset=&#8221;default&#8221; hover_enabled=&#8221;0&#8243; sticky_enabled=&#8221;0&#8243;]<\/p>\n<style><!-- [et_pb_line_break_holder] -->.coupon {<!-- [et_pb_line_break_holder] -->    display: none;<!-- [et_pb_line_break_holder] -->}<!-- [et_pb_line_break_holder] --><\/style>\n<p>[\/et_pb_code][\/et_pb_column][et_pb_column type=&#8221;1_2&#8243; _builder_version=&#8221;4.16&#8243; custom_padding=&#8221;|||&#8221; global_colors_info=&#8221;{}&#8221; custom_padding__hover=&#8221;|||&#8221;][et_pb_wc_cart_totals _builder_version=&#8221;4.16&#8243; global_colors_info=&#8221;{}&#8221;][\/et_pb_wc_cart_totals][\/et_pb_column][\/et_pb_row][\/et_pb_section][et_pb_section fb_built=&#8221;1&#8243; module_class=&#8221;footer_fr&#8221; _builder_version=&#8221;4.23.4&#8243; _module_preset=&#8221;default&#8221; background_color=&#8221;#2c701f&#8221; min_height=&#8221;264.6px&#8221; custom_margin=&#8221;11px|||||&#8221; custom_padding=&#8221;48px||22px|||&#8221; saved_tabs=&#8221;all&#8221; global_colors_info=&#8221;{}&#8221;][et_pb_row column_structure=&#8221;1_3,1_3,1_3&#8243; _builder_version=&#8221;4.21.0&#8243; _module_preset=&#8221;default&#8221; custom_margin=&#8221;-12px|auto||auto||&#8221; custom_padding=&#8221;36px||8px|||&#8221; border_width_bottom=&#8221;2px&#8221; border_color_bottom=&#8221;#FFFFFF&#8221; global_colors_info=&#8221;{}&#8221;][et_pb_column type=&#8221;1_3&#8243; _builder_version=&#8221;4.18.0&#8243; _module_preset=&#8221;default&#8221; global_colors_info=&#8221;{}&#8221;][et_pb_blurb title=&#8221;Meilleure Qualit\u00e9&#8221; use_icon=&#8221;on&#8221; font_icon=&#8221;&#xf00c;||fa||900&#8243; icon_color=&#8221;#FFFFFF&#8221; image_icon_background_color=&#8221;rgba(255,255,255,0)&#8221; icon_placement=&#8221;left&#8221; image_icon_width=&#8221;23px&#8221; _builder_version=&#8221;4.21.0&#8243; _module_preset=&#8221;default&#8221; background_layout=&#8221;dark&#8221; border_radii_image=&#8221;on|40px|40px|40px|40px&#8221; global_colors_info=&#8221;{}&#8221;][\/et_pb_blurb][\/et_pb_column][et_pb_column type=&#8221;1_3&#8243; _builder_version=&#8221;4.18.0&#8243; _module_preset=&#8221;default&#8221; global_colors_info=&#8221;{}&#8221;][et_pb_blurb title=&#8221;Livraison Rapide&#8221; use_icon=&#8221;on&#8221; font_icon=&#8221;&#xf0d1;||fa||900&#8243; icon_color=&#8221;#FFFFFF&#8221; icon_placement=&#8221;left&#8221; image_icon_width=&#8221;23px&#8221; _builder_version=&#8221;4.21.0&#8243; _module_preset=&#8221;default&#8221; background_layout=&#8221;dark&#8221; global_colors_info=&#8221;{}&#8221;][\/et_pb_blurb][\/et_pb_column][et_pb_column type=&#8221;1_3&#8243; _builder_version=&#8221;4.18.0&#8243; _module_preset=&#8221;default&#8221; global_colors_info=&#8221;{}&#8221;][et_pb_blurb title=&#8221;Qualit\u00e9 Excellium&#8221; use_icon=&#8221;on&#8221; font_icon=&#8221;&#xf3a5;||fa||400&#8243; icon_color=&#8221;#FFFFFF&#8221; icon_placement=&#8221;left&#8221; image_icon_width=&#8221;23px&#8221; _builder_version=&#8221;4.21.0&#8243; _module_preset=&#8221;default&#8221; background_layout=&#8221;dark&#8221; global_colors_info=&#8221;{}&#8221;][\/et_pb_blurb][\/et_pb_column][\/et_pb_row][et_pb_row _builder_version=&#8221;4.18.0&#8243; _module_preset=&#8221;default&#8221; custom_css_main_element=&#8221;display: none;&#8221; global_colors_info=&#8221;{}&#8221;][et_pb_column type=&#8221;4_4&#8243; _builder_version=&#8221;4.18.0&#8243; _module_preset=&#8221;default&#8221; global_colors_info=&#8221;{}&#8221;][et_pb_code _builder_version=&#8221;4.23&#8243; _module_preset=&#8221;default&#8221; global_colors_info=&#8221;{}&#8221;]<\/p>\n<style><!-- [et_pb_line_break_holder] -->  .footerFR ul li a,  .footerFR h3, .footerFR h4, .footerFR p {<!-- [et_pb_line_break_holder] -->    color:white !important;<!-- [et_pb_line_break_holder] -->  }<!-- [et_pb_line_break_holder] -->  .footerFR p, .footerFR p span {<!-- [et_pb_line_break_holder] -->    line-height: 27px;<!-- [et_pb_line_break_holder] -->    padding: 0px;<!-- [et_pb_line_break_holder] -->    font-size: 17px !important;<!-- [et_pb_line_break_holder] -->}<!-- [et_pb_line_break_holder] --> .footerFR  ul {<!-- [et_pb_line_break_holder] -->    list-style: none !important;<!-- [et_pb_line_break_holder] -->}<!-- [et_pb_line_break_holder] --><\/style>\n<p><!-- [et_pb_line_break_holder] --><script><!-- [et_pb_line_break_holder] -->$(document).ready(function(){<!-- [et_pb_line_break_holder] -->if ($(\"body\").hasClass(\"logged-in\")) {<!-- [et_pb_line_break_holder] -->      $(\"#menu-item-4219 a\").attr(\"href\", \"https:\/\/clubexcellium.com\/home\/\");<!-- [et_pb_line_break_holder] -->     }<!-- [et_pb_line_break_holder] -->  });<!-- [et_pb_line_break_holder] --><\/script><!-- [et_pb_line_break_holder] --><script><!-- [et_pb_line_break_holder] -->$(document).ready(function() {<!-- [et_pb_line_break_holder] --><!-- [et_pb_line_break_holder] -->    $('video').on('play', function() {<!-- [et_pb_line_break_holder] -->        var video = $(this);<!-- [et_pb_line_break_holder] -->        var source = video.find('source');<!-- [et_pb_line_break_holder] --><!-- [et_pb_line_break_holder] -->        \/\/ Check if the video source is not already set<!-- [et_pb_line_break_holder] -->        if (!source.attr('src')) {<!-- [et_pb_line_break_holder] -->            source.attr('src', source.data('src'));<!-- [et_pb_line_break_holder] -->            video.get(0).load();<!-- [et_pb_line_break_holder] -->        }<!-- [et_pb_line_break_holder] -->    });<!-- [et_pb_line_break_holder] -->});<!-- [et_pb_line_break_holder] --><\/script><!-- [et_pb_line_break_holder] -->[\/et_pb_code][\/et_pb_column][\/et_pb_row][et_pb_row column_structure=&#8221;1_3,1_3,1_3&#8243; _builder_version=&#8221;4.18.0&#8243; _module_preset=&#8221;default&#8221; custom_padding=&#8221;||9px|||&#8221; global_colors_info=&#8221;{}&#8221;][et_pb_column type=&#8221;1_3&#8243; _builder_version=&#8221;4.18.0&#8243; _module_preset=&#8221;default&#8221; global_colors_info=&#8221;{}&#8221;][et_pb_text _builder_version=&#8221;4.21.0&#8243; _module_preset=&#8221;default&#8221; global_colors_info=&#8221;{}&#8221;]<\/p>\n<h3 style=\"color: white;\"><strong>LA COMPAGNIE<\/strong><\/h3>\n<p><span><a style=\"color: #ffffff !important;\" href=\"https:\/\/clubexcellium.com\/a-propos-de-la-compagnie\/\">\u00c0 propos de la compagnie<\/a><\/span><br \/>\n<span><a style=\"color: #ffffff !important;\" href=\"https:\/\/clubexcellium.com\/politique-de-confidentialite\/\">Politique de confidentialit\u00e9<\/a><\/span><br \/>\n<span><a style=\"color: #ffffff !important;\" href=\"https:\/\/clubexcellium.com\/politque-dexpedition\/\">Politque d&#8217;exp\u00e9dition<\/a><\/span><br \/>\n<span><a style=\"color: #ffffff !important;\" href=\"https:\/\/clubexcellium.com\/politique-de-retour\/\">Politique de retour<\/a><\/span><br \/>\n<span><a style=\"color: #ffffff !important;\" href=\"https:\/\/clubexcellium.com\/mentions-legales\/\">Mentions l\u00e9gales<\/a><\/span><br \/>\n<span><a style=\"color: #ffffff !important;\" href=\"https:\/\/clubexcellium.com\/termes-et-conditions\/\">Termes et conditions<\/a><\/span><br \/>\n<span><a style=\"color: #ffffff !important;\" href=\"https:\/\/clubexcellium.com\/notre-equipe\/\">Notre \u00c9quipe<\/a><\/span><br \/>\n<span><a style=\"color: #ffffff !important;\" href=\"https:\/\/clubexcellium.com\/faq\/\">FAQ<\/a><\/span><br \/>\n<span><a style=\"color: #ffffff !important;\" href=\"https:\/\/clubexcellium.com\/avertissement\/\">Avertissement<\/a><\/span>[\/et_pb_text][\/et_pb_column][et_pb_column type=&#8221;1_3&#8243; _builder_version=&#8221;4.18.0&#8243; _module_preset=&#8221;default&#8221; global_colors_info=&#8221;{}&#8221;][et_pb_text _builder_version=&#8221;4.21.0&#8243; _module_preset=&#8221;default&#8221; global_colors_info=&#8221;{}&#8221;]<\/p>\n<h3><span style=\"color: #ffffff;\"><strong>LE SITE<\/strong><\/span><\/h3>\n<p><strong><a style=\"color: white !important;\" href=\"https:\/\/clubexcellium.com\/home\">Accueil<\/a><\/strong><\/p>\n<p><span style=\"color: #ffffff;\"><strong style=\"margin-top: 20px !important; font-size: 22px;\">Divisions<\/strong><\/span><br \/><a style=\"color: white !important;\" href=\"https:\/\/cpon-intl.com\/\">C.P.O.N<\/a><br \/><a style=\"color: white !important;\" href=\"https:\/\/clubexcellium.com\/jet-lag-buster\/\">Jet Lag Buster<\/a><br \/><a style=\"color: white !important;\" href=\"https:\/\/clubexcellium.com\/info-huile\/\">Fuller\u00e8nisateur pour Huile<\/a><\/p>\n<p><span style=\"color: #ffffff;\"><strong style=\"margin-top: 20px !important; font-size: 22px;\">Informations<\/strong><\/span><br \/><a style=\"color: white !important;\" href=\"https:\/\/clubexcellium.com\/recherches-sur-les-ondes-2\/\">\u00c9tudes et Recherches<\/a><br \/><a style=\"color: white !important;\" href=\"https:\/\/clubexcellium.com\/temoignages-sur-le-mieux-etre\/\">T\u00e9moignages<\/a><br \/><a style=\"color: white !important;\" href=\"https:\/\/clubexcellium.com\/inscription-nouveau-membre\/\">Devenir Membre<\/a><\/p>\n<p>[\/et_pb_text][\/et_pb_column][et_pb_column type=&#8221;1_3&#8243; _builder_version=&#8221;4.18.0&#8243; _module_preset=&#8221;default&#8221; global_colors_info=&#8221;{}&#8221;][et_pb_text _builder_version=&#8221;4.22.2&#8243; _module_preset=&#8221;default&#8221; global_colors_info=&#8221;{}&#8221;]<\/p>\n<h3><span style=\"color: #ffffff;\"><strong>NOUS JOINDRE<\/strong><\/span><\/h3>\n<h4><span style=\"color: #ffffff;\"><strong>Canada<\/strong><\/span><\/h4>\n<p><span style=\"font-size: 16px; color: #ffffff;\">2632 boul. Cur\u00e9 Labelle #101<\/span><br \/>\n<span style=\"color: #ffffff;\"><span style=\"font-size: 16px;\">Pr\u00e9vost, Qu\u00e9bec,\u00a0<\/span><span style=\"font-size: 16px;\">J0R 1T0<\/span><\/span><\/p>\n<p><span style=\"color: #ffffff;\">1-833-880-8807<\/span><br \/>\n<span style=\"color: #ffffff;\"><a style=\"color: #ffffff;\" href=\"mailto:cedric@thestoneoflife.com\">info@clubexcellium.com<\/a><\/span>[\/et_pb_text][et_pb_text _builder_version=&#8221;4.18.0&#8243; _module_preset=&#8221;default&#8221; global_colors_info=&#8221;{}&#8221;]<\/p>\n<p><span style=\"color: #ffffff;\"><strong>PAIEMENTS ACCEPT\u00c9S<\/strong><\/span><\/p>\n<p>[\/et_pb_text][et_pb_image src=&#8221;https:\/\/clubexcellium.com\/shop\/wp-content\/uploads\/2024\/02\/payment-logos-1.png&#8221; title_text=&#8221;payment-logos&#8221; _builder_version=&#8221;4.21.0&#8243; _module_preset=&#8221;default&#8221; global_colors_info=&#8221;{}&#8221;][\/et_pb_image][\/et_pb_column][\/et_pb_row][et_pb_row disabled_on=&#8221;off|off|off&#8221; module_class=&#8221;footer_fr&#8221; _builder_version=&#8221;4.21.0&#8243; _module_preset=&#8221;default&#8221; custom_padding=&#8221;39px||9px|||&#8221; global_colors_info=&#8221;{}&#8221;][et_pb_column type=&#8221;4_4&#8243; _builder_version=&#8221;4.20.4&#8243; _module_preset=&#8221;default&#8221; global_colors_info=&#8221;{}&#8221;][et_pb_text _builder_version=&#8221;4.21.0&#8243; _module_preset=&#8221;default&#8221; custom_margin=&#8221;||9px|||&#8221; global_colors_info=&#8221;{}&#8221;]<\/p>\n<p style=\"text-align: center; color: white;\">Les produits offerts par Alliance Anti-Age Inc. ne remplacent en aucun cas un traitement m\u00e9dical.<\/p>\n<p>[\/et_pb_text][et_pb_text _builder_version=&#8221;4.21.0&#8243; _module_preset=&#8221;default&#8221; global_colors_info=&#8221;{}&#8221;]<\/p>\n<h3 style=\"text-align: center; color: white;\"><strong>\u00a9 Alliance Anti Age Inc.\/ Club Excellium 2011-2023<\/strong><\/h3>\n<p>[\/et_pb_text][et_pb_code _builder_version=&#8221;4.22.2&#8243; _module_preset=&#8221;default&#8221; global_colors_info=&#8221;{}&#8221;]<script><!-- [et_pb_line_break_holder] -->$(document).ready(function(){<!-- [et_pb_line_break_holder] --><!-- [et_pb_line_break_holder] -->if ($(\"body\").hasClass(\"logged-in\")) {<!-- [et_pb_line_break_holder] -->      $(\"#menu-item-4219 a\").attr(\"href\", \"https:\/\/clubexcellium.com\/home\/\");<!-- [et_pb_line_break_holder] -->     }<!-- [et_pb_line_break_holder] -->  $(\"video\").attr(\"controlsList\", \"nodownload\");<!-- [et_pb_line_break_holder] -->  <!-- [et_pb_line_break_holder] -->  });<!-- [et_pb_line_break_holder] --><\/script><!-- [et_pb_line_break_holder] -->[\/et_pb_code][\/et_pb_column][\/et_pb_row][\/et_pb_section]<\/p>\n","protected":false},"excerpt":{"rendered":"<p>CartLA COMPAGNIE \u00c0 propos de la compagnie Politique de confidentialit\u00e9 Politque d&#8217;exp\u00e9dition Politique de retour Mentions l\u00e9gales Termes et conditions Notre \u00c9quipe FAQ AvertissementLE SITE Accueil DivisionsC.P.O.NJet Lag BusterFuller\u00e8nisateur pour Huile Informations\u00c9tudes et RecherchesT\u00e9moignagesDevenir MembreNOUS JOINDRE Canada 2632 boul. Cur\u00e9 Labelle #101 Pr\u00e9vost, Qu\u00e9bec,\u00a0J0R 1T0 1-833-880-8807 info@clubexcellium.comPAIEMENTS ACCEPT\u00c9SLes produits offerts par Alliance Anti-Age Inc. ne [&hellip;]<\/p>\n","protected":false},"author":1,"featured_media":0,"parent":0,"menu_order":0,"comment_status":"closed","ping_status":"closed","template":"","meta":{"_et_pb_use_builder":"on","_et_pb_old_content":"<!-- wp:woocommerce\/cart -->\r\n<div class=\"wp-block-woocommerce-cart alignwide is-loading\"><!-- wp:woocommerce\/filled-cart-block -->\r\n<div class=\"wp-block-woocommerce-filled-cart-block\"><!-- wp:woocommerce\/cart-items-block -->\r\n<div class=\"wp-block-woocommerce-cart-items-block\"><!-- wp:woocommerce\/cart-line-items-block -->\r\n<div class=\"wp-block-woocommerce-cart-line-items-block\">\u00a0<\/div>\r\n<!-- \/wp:woocommerce\/cart-line-items-block -->\r\n\r\n<!-- wp:woocommerce\/cart-cross-sells-block -->\r\n<div class=\"wp-block-woocommerce-cart-cross-sells-block\"><!-- wp:heading {\"fontSize\":\"large\"} -->\r\n<h2 class=\"wp-block-heading has-large-font-size\">You may be interested in\u2026<\/h2>\r\n<!-- \/wp:heading -->\r\n\r\n<!-- wp:woocommerce\/cart-cross-sells-products-block -->\r\n<div class=\"wp-block-woocommerce-cart-cross-sells-products-block\">\u00a0<\/div>\r\n<!-- \/wp:woocommerce\/cart-cross-sells-products-block --><\/div>\r\n<!-- \/wp:woocommerce\/cart-cross-sells-block --><\/div>\r\n<!-- \/wp:woocommerce\/cart-items-block -->\r\n\r\n<!-- wp:woocommerce\/cart-totals-block -->\r\n<div class=\"wp-block-woocommerce-cart-totals-block\"><!-- wp:woocommerce\/cart-order-summary-block -->\r\n<div class=\"wp-block-woocommerce-cart-order-summary-block\"><!-- wp:woocommerce\/cart-order-summary-heading-block -->\r\n<div class=\"wp-block-woocommerce-cart-order-summary-heading-block\">\u00a0<\/div>\r\n<!-- \/wp:woocommerce\/cart-order-summary-heading-block -->\r\n\r\n<!-- wp:woocommerce\/cart-order-summary-coupon-form-block -->\r\n<div class=\"wp-block-woocommerce-cart-order-summary-coupon-form-block\">\u00a0<\/div>\r\n<!-- \/wp:woocommerce\/cart-order-summary-coupon-form-block -->\r\n\r\n<!-- wp:woocommerce\/cart-order-summary-subtotal-block -->\r\n<div class=\"wp-block-woocommerce-cart-order-summary-subtotal-block\">\u00a0<\/div>\r\n<!-- \/wp:woocommerce\/cart-order-summary-subtotal-block -->\r\n\r\n<!-- wp:woocommerce\/cart-order-summary-fee-block -->\r\n<div class=\"wp-block-woocommerce-cart-order-summary-fee-block\">\u00a0<\/div>\r\n<!-- \/wp:woocommerce\/cart-order-summary-fee-block -->\r\n\r\n<!-- wp:woocommerce\/cart-order-summary-discount-block -->\r\n<div class=\"wp-block-woocommerce-cart-order-summary-discount-block\">\u00a0<\/div>\r\n<!-- \/wp:woocommerce\/cart-order-summary-discount-block -->\r\n\r\n<!-- wp:woocommerce\/cart-order-summary-shipping-block -->\r\n<div class=\"wp-block-woocommerce-cart-order-summary-shipping-block\">\u00a0<\/div>\r\n<!-- \/wp:woocommerce\/cart-order-summary-shipping-block -->\r\n\r\n<!-- wp:woocommerce\/cart-order-summary-taxes-block -->\r\n<div class=\"wp-block-woocommerce-cart-order-summary-taxes-block\">\u00a0<\/div>\r\n<!-- \/wp:woocommerce\/cart-order-summary-taxes-block --><\/div>\r\n<!-- \/wp:woocommerce\/cart-order-summary-block -->\r\n\r\n<!-- wp:woocommerce\/cart-express-payment-block -->\r\n<div class=\"wp-block-woocommerce-cart-express-payment-block\">\u00a0<\/div>\r\n<!-- \/wp:woocommerce\/cart-express-payment-block -->\r\n\r\n<!-- wp:woocommerce\/proceed-to-checkout-block -->\r\n<div class=\"wp-block-woocommerce-proceed-to-checkout-block\">\u00a0<\/div>\r\n<!-- \/wp:woocommerce\/proceed-to-checkout-block -->\r\n\r\n<!-- wp:woocommerce\/cart-accepted-payment-methods-block -->\r\n<div class=\"wp-block-woocommerce-cart-accepted-payment-methods-block\">\u00a0<\/div>\r\n<!-- \/wp:woocommerce\/cart-accepted-payment-methods-block --><\/div>\r\n<!-- \/wp:woocommerce\/cart-totals-block --><\/div>\r\n<!-- \/wp:woocommerce\/filled-cart-block -->\r\n\r\n<!-- wp:woocommerce\/empty-cart-block -->\r\n<div class=\"wp-block-woocommerce-empty-cart-block\"><!-- wp:heading {\"textAlign\":\"center\",\"className\":\"with-empty-cart-icon wc-block-cart__empty-cart__title\"} -->\r\n<h2 class=\"wp-block-heading has-text-align-center with-empty-cart-icon wc-block-cart__empty-cart__title\">Your cart is currently empty!<\/h2>\r\n<!-- \/wp:heading -->\r\n\r\n<!-- wp:separator {\"className\":\"is-style-dots\"} --><hr class=\"wp-block-separator has-alpha-channel-opacity is-style-dots\" \/><!-- \/wp:separator -->\r\n\r\n<!-- wp:heading {\"textAlign\":\"center\"} -->\r\n<h2 class=\"wp-block-heading has-text-align-center\">New in store<\/h2>\r\n<!-- \/wp:heading -->\r\n\r\n<!-- wp:woocommerce\/product-new {\"columns\":4,\"rows\":1} \/--><\/div>\r\n<!-- \/wp:woocommerce\/empty-cart-block --><\/div>\r\n<!-- \/wp:woocommerce\/cart -->","_et_gb_content_width":"","footnotes":""},"class_list":["post-84","page","type-page","status-publish","hentry"],"jetpack_sharing_enabled":true,"_links":{"self":[{"href":"https:\/\/clubexcellium.com\/shop\/wp-json\/wp\/v2\/pages\/84","targetHints":{"allow":["GET"]}}],"collection":[{"href":"https:\/\/clubexcellium.com\/shop\/wp-json\/wp\/v2\/pages"}],"about":[{"href":"https:\/\/clubexcellium.com\/shop\/wp-json\/wp\/v2\/types\/page"}],"author":[{"embeddable":true,"href":"https:\/\/clubexcellium.com\/shop\/wp-json\/wp\/v2\/users\/1"}],"replies":[{"embeddable":true,"href":"https:\/\/clubexcellium.com\/shop\/wp-json\/wp\/v2\/comments?post=84"}],"version-history":[{"count":6,"href":"https:\/\/clubexcellium.com\/shop\/wp-json\/wp\/v2\/pages\/84\/revisions"}],"predecessor-version":[{"id":23881,"href":"https:\/\/clubexcellium.com\/shop\/wp-json\/wp\/v2\/pages\/84\/revisions\/23881"}],"wp:attachment":[{"href":"https:\/\/clubexcellium.com\/shop\/wp-json\/wp\/v2\/media?parent=84"}],"curies":[{"name":"wp","href":"https:\/\/api.w.org\/{rel}","templated":true}]}}