{"id":23910,"date":"2024-08-19T18:41:08","date_gmt":"2024-08-19T18:41:08","guid":{"rendered":"https:\/\/clubexcellium.com\/shop\/?post_type=product&#038;p=23910"},"modified":"2024-08-19T18:49:34","modified_gmt":"2024-08-19T18:49:34","slug":"03-feu-retrouver-la-fontaine-de-jouvence","status":"publish","type":"product","link":"https:\/\/clubexcellium.com\/shop\/product\/03-feu-retrouver-la-fontaine-de-jouvence\/","title":{"rendered":"03 Feu &#8211; Retrouver la Fontaine de Jouvence"},"content":{"rendered":"<p>[et_pb_section fb_built=&#8221;1&#8243; admin_label=&#8221;Header&#8221; _builder_version=&#8221;4.23.4&#8243; background_color=&#8221;#595959&#8243; background_image=&#8221;https:\/\/clubexcellium.com\/shop\/wp-content\/uploads\/2024\/02\/AdobeStock_283453365-scaled-1.jpeg&#8221; background_blend=&#8221;overlay&#8221; custom_margin=&#8221;||3px||false|false&#8221; custom_padding=&#8221;66px||17px||false|false&#8221; locked=&#8221;off&#8221; global_colors_info=&#8221;{}&#8221;][et_pb_row _builder_version=&#8221;4.16&#8243; custom_padding=&#8221;13px||56px|||&#8221; global_colors_info=&#8221;{}&#8221;][et_pb_column type=&#8221;4_4&#8243; _builder_version=&#8221;4.16&#8243; global_colors_info=&#8221;{}&#8221;][et_pb_text _builder_version=&#8221;4.25.2&#8243; text_font=&#8221;||||||||&#8221; text_text_color=&#8221;#FFFFFF&#8221; text_font_size=&#8221;22px&#8221; text_line_height=&#8221;1.4em&#8221; header_font=&#8221;ZCOOL XiaoWei|700|||||||&#8221; header_text_color=&#8221;#FFFFFF&#8221; header_font_size=&#8221;80px&#8221; header_2_font_size=&#8221;40px&#8221; text_orientation=&#8221;center&#8221; background_layout=&#8221;dark&#8221; max_width=&#8221;700px&#8221; module_alignment=&#8221;center&#8221; text_font_size_tablet=&#8221;18px&#8221; text_font_size_phone=&#8221;16px&#8221; text_font_size_last_edited=&#8221;on|tablet&#8221; text_line_height_tablet=&#8221;&#8221; text_line_height_phone=&#8221;1.8em&#8221; text_line_height_last_edited=&#8221;on|phone&#8221; header_font_size_tablet=&#8221;48px&#8221; header_font_size_phone=&#8221;30px&#8221; header_font_size_last_edited=&#8221;on|phone&#8221; global_colors_info=&#8221;{}&#8221;]<\/p>\n<h2><strong>Retrouver la Fontaine de Jouvence<\/strong><br \/>\nAlbum Complet<\/h2>\n<p>[\/et_pb_text][\/et_pb_column][\/et_pb_row][\/et_pb_section][et_pb_section fb_built=&#8221;1&#8243; _builder_version=&#8221;4.25.2&#8243; background_color=&#8221;#FFFFFF&#8221; custom_margin=&#8221;0px||8px|0px|false|false&#8221; custom_padding=&#8221;8px|10px||14px|false|false&#8221; global_colors_info=&#8221;{}&#8221;][et_pb_row _builder_version=&#8221;4.23.4&#8243; background_size=&#8221;initial&#8221; background_position=&#8221;top_left&#8221; background_repeat=&#8221;repeat&#8221; width=&#8221;92%&#8221; custom_padding=&#8221;24px||0px||false|false&#8221; global_colors_info=&#8221;{}&#8221;][et_pb_column type=&#8221;4_4&#8243; _builder_version=&#8221;4.16&#8243; custom_padding=&#8221;|||&#8221; global_colors_info=&#8221;{}&#8221; custom_padding__hover=&#8221;|||&#8221;][et_pb_wc_cart_notice _builder_version=&#8221;4.23.4&#8243; background_color=&#8221;#2c701f&#8221; border_radii=&#8221;on|30px|30px|30px|30px&#8221; global_colors_info=&#8221;{}&#8221;][\/et_pb_wc_cart_notice][\/et_pb_column][\/et_pb_row][et_pb_row column_structure=&#8221;1_2,1_2&#8243; _builder_version=&#8221;4.23.4&#8243; background_size=&#8221;initial&#8221; background_position=&#8221;top_left&#8221; background_repeat=&#8221;repeat&#8221; width=&#8221;92%&#8221; custom_padding=&#8221;0px||||false|false&#8221; global_colors_info=&#8221;{}&#8221;][et_pb_column type=&#8221;1_2&#8243; _builder_version=&#8221;4.16&#8243; custom_padding=&#8221;|||&#8221; global_colors_info=&#8221;{}&#8221; custom_padding__hover=&#8221;|||&#8221;][et_pb_wc_images _builder_version=&#8221;4.23.4&#8243; border_radii=&#8221;on|30px|30px|30px|30px&#8221; global_colors_info=&#8221;{}&#8221;][\/et_pb_wc_images][\/et_pb_column][et_pb_column type=&#8221;1_2&#8243; _builder_version=&#8221;4.16&#8243; custom_padding=&#8221;|||&#8221; global_colors_info=&#8221;{}&#8221; custom_padding__hover=&#8221;|||&#8221;][et_pb_wc_title _builder_version=&#8221;4.23.4&#8243; header_font=&#8221;|700|||||||&#8221; global_colors_info=&#8221;{}&#8221;][\/et_pb_wc_title][et_pb_wc_add_to_cart _builder_version=&#8221;4.23.4&#8243; fields_background_color=&#8221;#dbdbdb&#8221; fields_text_color=&#8221;#000000&#8243; fields_focus_background_color=&#8221;#FFFFFF&#8221; fields_font=&#8221;|800|||||||&#8221; custom_button=&#8221;on&#8221; button_text_color=&#8221;#ffffff&#8221; button_bg_color=&#8221;#2c701f&#8221; button_border_width=&#8221;0px&#8221; button_border_radius=&#8221;19px&#8221; fields_text_shadow_style=&#8221;preset1&#8243; border_radii_fields=&#8221;on|16px|16px|16px|16px&#8221; global_colors_info=&#8221;{}&#8221;][\/et_pb_wc_add_to_cart][et_pb_wc_price _builder_version=&#8221;4.16&#8243; custom_margin=&#8221;||-30px|||&#8221; global_colors_info=&#8221;{}&#8221;][\/et_pb_wc_price][et_pb_text _builder_version=&#8221;4.25.2&#8243; _module_preset=&#8221;default&#8221; global_colors_info=&#8221;{}&#8221;]<\/p>\n<p style=\"text-align: justify;\"><span>Dans une atmosph\u00e8re apaisante et revigorante, l&#8217;album <em>Retrouver la Fontaine de Jouvence<\/em> de Bradfield invite \u00e0 un voyage int\u00e9rieur vers la jeunesse \u00e9ternelle. Cette \u0153uvre musicale est con\u00e7ue pour ralentir les tumultes de la vie quotidienne et pour favoriser une d\u00e9tente profonde de l&#8217;esprit, ce qui facilite un renouvellement naturel du corps et de l&#8217;esprit. Elle aide \u00e0 r\u00e9g\u00e9n\u00e9rer les cellules, \u00e0 r\u00e9aligner les chakras en douceur et \u00e0 augmenter notre \u00e9nergie vitale, tout en cr\u00e9ant un environnement protecteur et r\u00e9g\u00e9n\u00e9ratif. Parfait pour l&#8217;accompagnement de la m\u00e9ditation, de la th\u00e9rapie par le son et des pratiques de bien-\u00eatre, <em>Retrouver la Fontaine de Jouvence<\/em> est un catalyseur pour une sant\u00e9 globale am\u00e9lior\u00e9e et une vitalit\u00e9 accrue.\u00a0<\/span><\/p>\n<p><span><\/span><\/p>\n<p><span>01 Earth<\/span><br \/><span>02 Water<\/span><br \/><span>03 Fire<\/span><br \/><span>04 Air<\/span><br \/><span>05 Sound<\/span><br \/><span>06 Light<\/span><br \/><span>07 Thought<\/span><\/p>\n<p>[\/et_pb_text][et_pb_wc_description _builder_version=&#8221;4.16&#8243; global_colors_info=&#8221;{}&#8221;][\/et_pb_wc_description][\/et_pb_column][\/et_pb_row][et_pb_row _builder_version=&#8221;4.16&#8243; background_size=&#8221;initial&#8221; background_position=&#8221;top_left&#8221; background_repeat=&#8221;repeat&#8221; width=&#8221;100%&#8221; global_colors_info=&#8221;{}&#8221;][et_pb_column type=&#8221;4_4&#8243; _builder_version=&#8221;4.16&#8243; custom_padding=&#8221;|||&#8221; global_colors_info=&#8221;{}&#8221; custom_padding__hover=&#8221;|||&#8221;][et_pb_wc_upsells _builder_version=&#8221;4.16&#8243; global_colors_info=&#8221;{}&#8221;][\/et_pb_wc_upsells][et_pb_wc_upsells _builder_version=&#8221;4.16&#8243; global_colors_info=&#8221;{}&#8221;][\/et_pb_wc_upsells][\/et_pb_column][\/et_pb_row][\/et_pb_section][et_pb_section fb_built=&#8221;1&#8243; module_class=&#8221;footer_fr&#8221; _builder_version=&#8221;4.23.4&#8243; _module_preset=&#8221;default&#8221; background_color=&#8221;#2c701f&#8221; min_height=&#8221;264.6px&#8221; custom_margin=&#8221;11px|||||&#8221; custom_padding=&#8221;48px||22px|||&#8221; global_module=&#8221;189&#8243; saved_tabs=&#8221;all&#8221; global_colors_info=&#8221;{}&#8221;][et_pb_row column_structure=&#8221;1_3,1_3,1_3&#8243; _builder_version=&#8221;4.21.0&#8243; _module_preset=&#8221;default&#8221; custom_margin=&#8221;-12px|auto||auto||&#8221; custom_padding=&#8221;36px||8px|||&#8221; border_width_bottom=&#8221;2px&#8221; border_color_bottom=&#8221;#FFFFFF&#8221; global_colors_info=&#8221;{}&#8221;][et_pb_column type=&#8221;1_3&#8243; _builder_version=&#8221;4.18.0&#8243; _module_preset=&#8221;default&#8221; global_colors_info=&#8221;{}&#8221;][et_pb_blurb title=&#8221;Meilleure Qualit\u00e9&#8221; use_icon=&#8221;on&#8221; font_icon=&#8221;&#xf00c;||fa||900&#8243; icon_color=&#8221;#FFFFFF&#8221; image_icon_background_color=&#8221;rgba(255,255,255,0)&#8221; icon_placement=&#8221;left&#8221; image_icon_width=&#8221;23px&#8221; _builder_version=&#8221;4.21.0&#8243; _module_preset=&#8221;default&#8221; background_layout=&#8221;dark&#8221; border_radii_image=&#8221;on|40px|40px|40px|40px&#8221; global_colors_info=&#8221;{}&#8221;][\/et_pb_blurb][\/et_pb_column][et_pb_column type=&#8221;1_3&#8243; _builder_version=&#8221;4.18.0&#8243; _module_preset=&#8221;default&#8221; global_colors_info=&#8221;{}&#8221;][et_pb_blurb title=&#8221;Livraison Rapide&#8221; use_icon=&#8221;on&#8221; font_icon=&#8221;&#xf0d1;||fa||900&#8243; icon_color=&#8221;#FFFFFF&#8221; icon_placement=&#8221;left&#8221; image_icon_width=&#8221;23px&#8221; _builder_version=&#8221;4.21.0&#8243; _module_preset=&#8221;default&#8221; background_layout=&#8221;dark&#8221; global_colors_info=&#8221;{}&#8221;][\/et_pb_blurb][\/et_pb_column][et_pb_column type=&#8221;1_3&#8243; _builder_version=&#8221;4.18.0&#8243; _module_preset=&#8221;default&#8221; global_colors_info=&#8221;{}&#8221;][et_pb_blurb title=&#8221;Qualit\u00e9 Excellium&#8221; use_icon=&#8221;on&#8221; font_icon=&#8221;&#xf3a5;||fa||400&#8243; icon_color=&#8221;#FFFFFF&#8221; icon_placement=&#8221;left&#8221; image_icon_width=&#8221;23px&#8221; _builder_version=&#8221;4.21.0&#8243; _module_preset=&#8221;default&#8221; background_layout=&#8221;dark&#8221; global_colors_info=&#8221;{}&#8221;][\/et_pb_blurb][\/et_pb_column][\/et_pb_row][et_pb_row _builder_version=&#8221;4.18.0&#8243; _module_preset=&#8221;default&#8221; custom_css_main_element=&#8221;display: none;&#8221; global_colors_info=&#8221;{}&#8221;][et_pb_column type=&#8221;4_4&#8243; _builder_version=&#8221;4.18.0&#8243; _module_preset=&#8221;default&#8221; global_colors_info=&#8221;{}&#8221;][et_pb_code _builder_version=&#8221;4.23&#8243; _module_preset=&#8221;default&#8221; global_colors_info=&#8221;{}&#8221;]<\/p>\n<style><!-- [et_pb_line_break_holder] -->  .footerFR ul li a,  .footerFR h3, .footerFR h4, .footerFR p {<!-- [et_pb_line_break_holder] -->    color:white !important;<!-- [et_pb_line_break_holder] -->  }<!-- [et_pb_line_break_holder] -->  .footerFR p, .footerFR p span {<!-- [et_pb_line_break_holder] -->    line-height: 27px;<!-- [et_pb_line_break_holder] -->    padding: 0px;<!-- [et_pb_line_break_holder] -->    font-size: 17px !important;<!-- [et_pb_line_break_holder] -->}<!-- [et_pb_line_break_holder] --> .footerFR  ul {<!-- [et_pb_line_break_holder] -->    list-style: none !important;<!-- [et_pb_line_break_holder] -->}<!-- [et_pb_line_break_holder] --><\/style>\n<p><!-- [et_pb_line_break_holder] --><script><!-- [et_pb_line_break_holder] -->$(document).ready(function(){<!-- [et_pb_line_break_holder] -->if ($(\"body\").hasClass(\"logged-in\")) {<!-- [et_pb_line_break_holder] -->      $(\"#menu-item-4219 a\").attr(\"href\", \"https:\/\/clubexcellium.com\/home\/\");<!-- [et_pb_line_break_holder] -->     }<!-- [et_pb_line_break_holder] -->  });<!-- [et_pb_line_break_holder] --><\/script><!-- [et_pb_line_break_holder] --><script><!-- [et_pb_line_break_holder] -->$(document).ready(function() {<!-- [et_pb_line_break_holder] --><!-- [et_pb_line_break_holder] -->    $('video').on('play', function() {<!-- [et_pb_line_break_holder] -->        var video = $(this);<!-- [et_pb_line_break_holder] -->        var source = video.find('source');<!-- [et_pb_line_break_holder] --><!-- [et_pb_line_break_holder] -->        \/\/ Check if the video source is not already set<!-- [et_pb_line_break_holder] -->        if (!source.attr('src')) {<!-- [et_pb_line_break_holder] -->            source.attr('src', source.data('src'));<!-- [et_pb_line_break_holder] -->            video.get(0).load();<!-- [et_pb_line_break_holder] -->        }<!-- [et_pb_line_break_holder] -->    });<!-- [et_pb_line_break_holder] -->});<!-- [et_pb_line_break_holder] --><\/script><!-- [et_pb_line_break_holder] -->[\/et_pb_code][\/et_pb_column][\/et_pb_row][et_pb_row column_structure=&#8221;1_3,1_3,1_3&#8243; _builder_version=&#8221;4.18.0&#8243; _module_preset=&#8221;default&#8221; custom_padding=&#8221;||9px|||&#8221; global_colors_info=&#8221;{}&#8221;][et_pb_column type=&#8221;1_3&#8243; _builder_version=&#8221;4.18.0&#8243; _module_preset=&#8221;default&#8221; global_colors_info=&#8221;{}&#8221;][et_pb_text _builder_version=&#8221;4.21.0&#8243; _module_preset=&#8221;default&#8221; global_colors_info=&#8221;{}&#8221;]<\/p>\n<h3 style=\"color: white;\"><strong>LA COMPAGNIE<\/strong><\/h3>\n<p><span><a style=\"color: #ffffff !important;\" href=\"https:\/\/clubexcellium.com\/a-propos-de-la-compagnie\/\">\u00c0 propos de la compagnie<\/a><\/span><br \/>\n<span><a style=\"color: #ffffff !important;\" href=\"https:\/\/clubexcellium.com\/politique-de-confidentialite\/\">Politique de confidentialit\u00e9<\/a><\/span><br \/>\n<span><a style=\"color: #ffffff !important;\" href=\"https:\/\/clubexcellium.com\/politque-dexpedition\/\">Politque d&#8217;exp\u00e9dition<\/a><\/span><br \/>\n<span><a style=\"color: #ffffff !important;\" href=\"https:\/\/clubexcellium.com\/politique-de-retour\/\">Politique de retour<\/a><\/span><br \/>\n<span><a style=\"color: #ffffff !important;\" href=\"https:\/\/clubexcellium.com\/mentions-legales\/\">Mentions l\u00e9gales<\/a><\/span><br \/>\n<span><a style=\"color: #ffffff !important;\" href=\"https:\/\/clubexcellium.com\/termes-et-conditions\/\">Termes et conditions<\/a><\/span><br \/>\n<span><a style=\"color: #ffffff !important;\" href=\"https:\/\/clubexcellium.com\/notre-equipe\/\">Notre \u00c9quipe<\/a><\/span><br \/>\n<span><a style=\"color: #ffffff !important;\" href=\"https:\/\/clubexcellium.com\/faq\/\">FAQ<\/a><\/span><br \/>\n<span><a style=\"color: #ffffff !important;\" href=\"https:\/\/clubexcellium.com\/avertissement\/\">Avertissement<\/a><\/span>[\/et_pb_text][\/et_pb_column][et_pb_column type=&#8221;1_3&#8243; _builder_version=&#8221;4.18.0&#8243; _module_preset=&#8221;default&#8221; global_colors_info=&#8221;{}&#8221;][et_pb_text _builder_version=&#8221;4.21.0&#8243; _module_preset=&#8221;default&#8221; global_colors_info=&#8221;{}&#8221;]<\/p>\n<h3><span style=\"color: #ffffff;\"><strong>LE SITE<\/strong><\/span><\/h3>\n<p><strong><a style=\"color: white !important;\" href=\"https:\/\/clubexcellium.com\/home\">Accueil<\/a><\/strong><\/p>\n<p><span style=\"color: #ffffff;\"><strong style=\"margin-top: 20px !important; font-size: 22px;\">Divisions<\/strong><\/span><br \/><a style=\"color: white !important;\" href=\"https:\/\/cpon-intl.com\/\">C.P.O.N<\/a><br \/><a style=\"color: white !important;\" href=\"https:\/\/clubexcellium.com\/jet-lag-buster\/\">Jet Lag Buster<\/a><br \/><a style=\"color: white !important;\" href=\"https:\/\/clubexcellium.com\/info-huile\/\">Fuller\u00e8nisateur pour Huile<\/a><\/p>\n<p><span style=\"color: #ffffff;\"><strong style=\"margin-top: 20px !important; font-size: 22px;\">Informations<\/strong><\/span><br \/><a style=\"color: white !important;\" href=\"https:\/\/clubexcellium.com\/recherches-sur-les-ondes-2\/\">\u00c9tudes et Recherches<\/a><br \/><a style=\"color: white !important;\" href=\"https:\/\/clubexcellium.com\/temoignages-sur-le-mieux-etre\/\">T\u00e9moignages<\/a><br \/><a style=\"color: white !important;\" href=\"https:\/\/clubexcellium.com\/inscription-nouveau-membre\/\">Devenir Membre<\/a><\/p>\n<p>[\/et_pb_text][\/et_pb_column][et_pb_column type=&#8221;1_3&#8243; _builder_version=&#8221;4.18.0&#8243; _module_preset=&#8221;default&#8221; global_colors_info=&#8221;{}&#8221;][et_pb_text _builder_version=&#8221;4.22.2&#8243; _module_preset=&#8221;default&#8221; global_colors_info=&#8221;{}&#8221;]<\/p>\n<h3><span style=\"color: #ffffff;\"><strong>NOUS JOINDRE<\/strong><\/span><\/h3>\n<h4><span style=\"color: #ffffff;\"><strong>Canada<\/strong><\/span><\/h4>\n<p><span style=\"font-size: 16px; color: #ffffff;\">2632 boul. Cur\u00e9 Labelle #101<\/span><br \/>\n<span style=\"color: #ffffff;\"><span style=\"font-size: 16px;\">Pr\u00e9vost, Qu\u00e9bec,\u00a0<\/span><span style=\"font-size: 16px;\">J0R 1T0<\/span><\/span><\/p>\n<p><span style=\"color: #ffffff;\">1-833-880-8807<\/span><br \/>\n<span style=\"color: #ffffff;\"><a style=\"color: #ffffff;\" href=\"mailto:cedric@thestoneoflife.com\">info@clubexcellium.com<\/a><\/span>[\/et_pb_text][et_pb_text _builder_version=&#8221;4.18.0&#8243; _module_preset=&#8221;default&#8221; global_colors_info=&#8221;{}&#8221;]<\/p>\n<p><span style=\"color: #ffffff;\"><strong>PAIEMENTS ACCEPT\u00c9S<\/strong><\/span><\/p>\n<p>[\/et_pb_text][et_pb_image src=&#8221;https:\/\/clubexcellium.com\/shop\/wp-content\/uploads\/2024\/02\/payment-logos-1.png&#8221; title_text=&#8221;payment-logos&#8221; _builder_version=&#8221;4.21.0&#8243; _module_preset=&#8221;default&#8221; global_colors_info=&#8221;{}&#8221;][\/et_pb_image][\/et_pb_column][\/et_pb_row][et_pb_row disabled_on=&#8221;off|off|off&#8221; module_class=&#8221;footer_fr&#8221; _builder_version=&#8221;4.21.0&#8243; _module_preset=&#8221;default&#8221; custom_padding=&#8221;39px||9px|||&#8221; global_colors_info=&#8221;{}&#8221;][et_pb_column type=&#8221;4_4&#8243; _builder_version=&#8221;4.20.4&#8243; _module_preset=&#8221;default&#8221; global_colors_info=&#8221;{}&#8221;][et_pb_text _builder_version=&#8221;4.21.0&#8243; _module_preset=&#8221;default&#8221; custom_margin=&#8221;||9px|||&#8221; global_colors_info=&#8221;{}&#8221;]<\/p>\n<p style=\"text-align: center; color: white;\">Les produits offerts par Alliance Anti-Age Inc. ne remplacent en aucun cas un traitement m\u00e9dical.<\/p>\n<p>[\/et_pb_text][et_pb_text _builder_version=&#8221;4.23.4&#8243; _module_preset=&#8221;default&#8221; global_colors_info=&#8221;{}&#8221;]<\/p>\n<h3 style=\"text-align: center; color: white;\"><strong>\u00a9 Alliance Anti Age Inc.\/ Club Excellium 2011-2024<\/strong><\/h3>\n<p>[\/et_pb_text][et_pb_code _builder_version=&#8221;4.22.2&#8243; _module_preset=&#8221;default&#8221; global_colors_info=&#8221;{}&#8221;]<script><!-- [et_pb_line_break_holder] -->$(document).ready(function(){<!-- [et_pb_line_break_holder] --><!-- [et_pb_line_break_holder] -->if ($(\"body\").hasClass(\"logged-in\")) {<!-- [et_pb_line_break_holder] -->      $(\"#menu-item-4219 a\").attr(\"href\", \"https:\/\/clubexcellium.com\/home\/\");<!-- [et_pb_line_break_holder] -->     }<!-- [et_pb_line_break_holder] -->  $(\"video\").attr(\"controlsList\", \"nodownload\");<!-- [et_pb_line_break_holder] -->  <!-- [et_pb_line_break_holder] -->  });<!-- [et_pb_line_break_holder] --><\/script><!-- [et_pb_line_break_holder] -->[\/et_pb_code][\/et_pb_column][\/et_pb_row][\/et_pb_section]<\/p>\n","protected":false},"excerpt":{"rendered":"<p>Retrouver la Fontaine de Jouvence Album CompletDans une atmosph\u00e8re apaisante et revigorante, l&#8217;album Retrouver la Fontaine de Jouvence de Bradfield invite \u00e0 un voyage int\u00e9rieur vers la jeunesse \u00e9ternelle. Cette \u0153uvre musicale est con\u00e7ue pour ralentir les tumultes de la vie quotidienne et pour favoriser une d\u00e9tente profonde de l&#8217;esprit, ce qui facilite un renouvellement [&hellip;]<\/p>\n","protected":false},"featured_media":23903,"comment_status":"open","ping_status":"closed","template":"","meta":{"_et_pb_use_builder":"on","_et_pb_old_content":"","_et_gb_content_width":""},"product_cat":[71],"product_tag":[],"class_list":{"0":"post-23910","1":"product","2":"type-product","3":"status-publish","4":"has-post-thumbnail","6":"product_cat-bradfield-chansons-individuelles","8":"first","9":"instock","10":"downloadable","11":"virtual","12":"taxable","13":"purchasable","14":"product-type-simple"},"jetpack_sharing_enabled":true,"_links":{"self":[{"href":"https:\/\/clubexcellium.com\/shop\/wp-json\/wp\/v2\/product\/23910","targetHints":{"allow":["GET"]}}],"collection":[{"href":"https:\/\/clubexcellium.com\/shop\/wp-json\/wp\/v2\/product"}],"about":[{"href":"https:\/\/clubexcellium.com\/shop\/wp-json\/wp\/v2\/types\/product"}],"replies":[{"embeddable":true,"href":"https:\/\/clubexcellium.com\/shop\/wp-json\/wp\/v2\/comments?post=23910"}],"wp:featuredmedia":[{"embeddable":true,"href":"https:\/\/clubexcellium.com\/shop\/wp-json\/wp\/v2\/media\/23903"}],"wp:attachment":[{"href":"https:\/\/clubexcellium.com\/shop\/wp-json\/wp\/v2\/media?parent=23910"}],"wp:term":[{"taxonomy":"product_cat","embeddable":true,"href":"https:\/\/clubexcellium.com\/shop\/wp-json\/wp\/v2\/product_cat?post=23910"},{"taxonomy":"product_tag","embeddable":true,"href":"https:\/\/clubexcellium.com\/shop\/wp-json\/wp\/v2\/product_tag?post=23910"}],"curies":[{"name":"wp","href":"https:\/\/api.w.org\/{rel}","templated":true}]}}